{"id":329,"date":"2023-10-01T11:54:43","date_gmt":"2023-10-01T11:54:43","guid":{"rendered":"https:\/\/wikitraz.com\/?page_id=329"},"modified":"2024-03-10T21:00:55","modified_gmt":"2024-03-10T21:00:55","slug":"vielleicht-vielleicht-annenmaykantereit","status":"publish","type":"page","link":"https:\/\/wikitraz.com\/de\/canciones\/vielleicht-vielleicht-annenmaykantereit\/","title":{"rendered":"Vielleicht vielleicht - AnnenMayKantereit"},"content":{"rendered":"\n<figure class=\"wp-block-table\"><table><tbody><tr><td>Es ist so leicht ehrlich zu dir zu sein<br>Es ist so einfach, wenn ich sage, \u201eNein\u201c<br>Oder \u201eIch bin noch nicht soweit\u201c<br>Du gibst mir Zeit<br>Und du bist s\u00fc\u00df, wie du aussiehst, wenn du genie\u00dft<br>Dass es im Winter endlich schneit, du magst jede Jahreszeit<br>Und morgens muss ich l\u00e4cheln, weil mich deine K\u00fcsse weck&#8217;n<br>Und dann merk\u2019 ich, es ist leicht, weil dir so wenig reicht<br>Du gibst mir Zeit<br>Und dann denk&#8216; ich, dass es vielleicht, vielleicht<br>F\u00fcr immer so bleibt<br>Und dann denk&#8216; ich, dass es vielleicht, vielleicht<br>F\u00fcr immer so bleibt<br><br>Ja, es ist leicht, leicht, leicht, leicht<br>Ja, es ist leicht, leicht, leicht, leicht<br>Es ist so sch\u00f6n dir zuzusehen<br>Wenn du duschen gehst<br>Und dann vor mir stehst und sagst: \u201eEs wird ein langer Tag\u201c<br>Und wenn du mich dann fragst,<br>Was wir heut\u2019 Abend machen und wir zwischen K\u00fcssen lachen<br>Dann merk&#8216; ich, es ist leicht, weil dir so wenig reicht<br>Du gibst mir Zeit<br><br>Und dann denk&#8216; ich, dass es vielleicht, vielleicht<br>F\u00fcr immer so bleibt<br>Und dann denk&#8216; ich, dass es vielleicht, vielleicht<br>F\u00fcr immer so bleibt<br><br>Ja, es ist leicht, leicht, leicht, leicht<br>Ja, es ist leicht, leicht, leicht, leicht<br><br>Weil du siehst, was ich sonst niemandem zeige<br>Ich kann dir erz\u00e4hlen, was ich mir selbst verschweige<br>Und ich will, dass es f\u00fcr immer so bleibt<br>Und ich glaube, das geht<br><br>Vielleicht, vielleicht<br>Vielleicht, vielleicht<br>Vielleicht, vielleicht<br>Vielleicht, vielleicht<br>Und ich will, dass es f\u00fcr immer so bleibt<br>Und ich glaube, das geht<br>Vielleicht, vielleicht<br>Vielleicht, vielleicht<br>Vielleicht, vielleicht<br>Vielleicht, vielleicht<\/td><td>Es tan f\u00e1cil ser honesto contigo<br>Es tan f\u00e1cil cuando digo &#8222;No&#8220;<br>O &#8222;No estoy listo todav\u00eda&#8220;<br>Me das tiempo<br>Y eres <em>dulce<\/em> como aparentas cuando disfrutas<br>Que por fin nieva en invierno, te gustan todas las estaciones<br>Y por la ma\u00f1ana tengo que sonre\u00edr porque tus besos me despiertan<br>Y entonces me doy cuenta que es f\u00e1cil porque tan poco es suficiente para ti.<br>Me das tiempo<br>Y entonces pienso que quiz\u00e1s, quiz\u00e1s<br>Se va a quedar as\u00ed para siempre<br>Y entonces pienso que tal vez, tal vez<br>\u266a Para siempre \u266a<br><br>S\u00ed, es f\u00e1cil, f\u00e1cil, f\u00e1cil, f\u00e1cil<br>S\u00ed, es f\u00e1cil, f\u00e1cil, f\u00e1cil, f\u00e1cil<br>Es tan agradable verte<br>Cuando vas a ducharte<br>Y luego te paras ante m\u00ed y dices: &#8222;Va a ser un d\u00eda largo&#8220;.<br>Y luego cuando me preguntas<br>Qu\u00e9 vamos a hacer esta noche y nos re\u00edmos entre besos<br>Me doy cuenta de que es f\u00e1cil porque con tan poco tienes suficiente<br>Me das tiempo<br><br>Y entonces pienso que quiz\u00e1s, quiz\u00e1s<br>Se va a quedar as\u00ed para siempre<br>Y entonces pienso que tal vez, tal vez<br>\u266a Para siempre \u266a<br><br>S\u00ed, es f\u00e1cil, f\u00e1cil, f\u00e1cil, f\u00e1cil<br>S\u00ed, es f\u00e1cil, f\u00e1cil, f\u00e1cil, f\u00e1cil<br><br>Porque ves lo que no muestro a nadie m\u00e1s<br>Puedo decirte lo que me oculto<br>Y quiero que siga as\u00ed para siempre<br>Y creo que es posible<br><br>Tal vez, tal vez<br>Tal vez, tal vez<br>Tal vez, tal vez<br>Tal vez, tal vez<br>Y quiero que dure para siempre<br>Y creo que es posible<br>Tal vez, tal vez<br>Tal vez, tal vez<br>Tal vez, tal vez<br>Tal vez, tal vez<br><br><\/td><\/tr><\/tbody><\/table><\/figure>\n","protected":false},"excerpt":{"rendered":"<p>Es ist so leicht ehrlich zu dir zu seinEs ist so einfach, wenn ich sage, \u201eNein\u201cOder \u201eIch bin noch nicht soweit\u201cDu gibst mir ZeitUnd du bist s\u00fc\u00df, wie du aussiehst, wenn du genie\u00dftDass es im Winter endlich schneit, du magst jede JahreszeitUnd morgens muss ich l\u00e4cheln, weil mich deine K\u00fcsse weck&#8217;nUnd dann merk\u2019 ich, es&hellip; <br \/> <a class=\"read-more\" href=\"https:\/\/wikitraz.com\/de\/canciones\/vielleicht-vielleicht-annenmaykantereit\/\">Read more<\/a><\/p>\n","protected":false},"author":2,"featured_media":0,"parent":441,"menu_order":0,"comment_status":"closed","ping_status":"closed","template":"","meta":{"_monsterinsights_skip_tracking":false,"_monsterinsights_sitenote_active":false,"_monsterinsights_sitenote_note":"","_monsterinsights_sitenote_category":0,"footnotes":""},"class_list":["post-329","page","type-page","status-publish","hentry"],"_links":{"self":[{"href":"https:\/\/wikitraz.com\/de\/wp-json\/wp\/v2\/pages\/329","targetHints":{"allow":["GET"]}}],"collection":[{"href":"https:\/\/wikitraz.com\/de\/wp-json\/wp\/v2\/pages"}],"about":[{"href":"https:\/\/wikitraz.com\/de\/wp-json\/wp\/v2\/types\/page"}],"author":[{"embeddable":true,"href":"https:\/\/wikitraz.com\/de\/wp-json\/wp\/v2\/users\/2"}],"replies":[{"embeddable":true,"href":"https:\/\/wikitraz.com\/de\/wp-json\/wp\/v2\/comments?post=329"}],"version-history":[{"count":2,"href":"https:\/\/wikitraz.com\/de\/wp-json\/wp\/v2\/pages\/329\/revisions"}],"predecessor-version":[{"id":445,"href":"https:\/\/wikitraz.com\/de\/wp-json\/wp\/v2\/pages\/329\/revisions\/445"}],"up":[{"embeddable":true,"href":"https:\/\/wikitraz.com\/de\/wp-json\/wp\/v2\/pages\/441"}],"wp:attachment":[{"href":"https:\/\/wikitraz.com\/de\/wp-json\/wp\/v2\/media?parent=329"}],"curies":[{"name":"wp","href":"https:\/\/api.w.org\/{rel}","templated":true}]}}