{"id":333,"date":"2023-10-01T13:11:44","date_gmt":"2023-10-01T13:11:44","guid":{"rendered":"https:\/\/wikitraz.com\/?page_id=333"},"modified":"2024-03-10T21:00:06","modified_gmt":"2024-03-10T21:00:06","slug":"das-rennrad-dota-kehr","status":"publish","type":"page","link":"https:\/\/wikitraz.com\/de\/canciones\/das-rennrad-dota-kehr\/","title":{"rendered":"Das Rennrad - Dota Kehr"},"content":{"rendered":"\n<figure class=\"wp-block-table\"><table><tbody><tr><td>Er kommt an mit seinem Rennrad und er wei\u00df, er ist hei\u00df<br>Hei\u00df wie frisch frittiert und er ist chick frisiert<br>Sagt hallo zu seiner Schnalle<br>Wei\u00df sowieso er kriegt sie alle, mit seinem Jungenscharme<br>Boh mir wird ganz warm<br><br>H\u00e4tte ich so einen Mann, mit so einem Rennrad<br>Dann sagte ich zu ihm<br><br>Ich hab die Blumen weggeworfen und die Katze verschenkt<br>Lass uns aufbrechen, Baby<br><br>Dann leben wir am Adria-Strand so als fliegende H\u00e4ndler<br>Und verkaufen gef\u00e4lschte Markentasche, oh jey!<br>Blo\u00df, dass wir nicht fliegen k\u00f6nnen<br>Sondern m\u00fchsam durch den Sand laufen m\u00fcssen<br>Und die Taschen schlagen uns dabei ans Knie, oh no!<br><br>Und am Strand geht nichts mit Rennrad<br>Es h\u00e4tte also auch nichts ge\u00e4ndert<br>Doch es gibt kein Zur\u00fcck<br><br>Denn ich hab die Blumen weggeworfen und die Katze verschenkt<br>Lass uns aufbrechen, Baby<br>Ich hab die Wohnung abgeschlossen und den Schl\u00fcssel dran geh\u00e4ngt<br>Steig auf dein Rad, wir fahren los<br><br>Oder wir fahren halt als Touristen hin<br>Mit unsern Kameras,&nbsp;<em>Kameras<\/em><br>Und hab&#8217;n so viel Spa\u00df,&nbsp;<em>so viel Spa\u00df<\/em><br>Und hinterher aber tausend Terabytes ungesehener Urlaubsbilder<br>Das find\u2019 ich so deprimierend<br><br>Die willst du unsern Freunden zeigen<br>Das langweilt mich und dann<br>W\u00fcrden wir streiten und \u00f6den uns jahrelang an<br>Und auch das Rennrad h\u00e4tte daran nichts ge\u00e4ndert<br><br>Da geht er hin mit seiner Schnalle<br>Sie passt sehr gut zu ihm im Falle einer Trennung<br>Der beiden m\u00f6chte ich wetten, sie bleiben jeder nicht lang allein<br>Nur f\u00fcr mich bleibt alles beim Alten und ich kann die Katze behalten<br>Vielleicht kauf\u2019 ich mir ein Rennrad und zieh in den S\u00fcden<br>Vielleicht wird da was draus<br>Denn es dort rumzuschieben sieht sehr gut aus, la-la-la-la, la-la-la<br><br>Ich hab die Blumen weggeworfen und die Katze verschenkt<br>Lass uns aufbrechen, Baby<br><br>Ich hab die Wohnung abgeschlossen und den Schl\u00fcssel dran geh\u00e4ngt<br>Steig auf dein Rad, wir fahren los<br>La-la-la-la, la-la-la, la-la-la-la, Baby<br>La-la-la-la, la-la-la, la-la-la-la, wir fahren los<\/td><td><br>Llega en su bici de carreras y sabe que est\u00e1 muy bueno<br>Caliente como una patata reci\u00e9n frita, con su elegante peinado.<br>Le dice hola a su pibita<br>Sabe que las va a conquistar a todas con su encanto juvenil<br>Buah, me estoy calentando a tope<br><br><br>Si yo tuviera un hombre as\u00ed, con una bici de carreras as\u00ed&#8230;<br>Entonces le dir\u00eda<br><br>He tirado las flores y regalado el gato<br>Vamos de viaje, baby<br><br>Entonces vivir\u00edamos en una playa del Adri\u00e1tico as\u00ed como vendedores ambulantes<br>Y vender\u00edamos bolsos de marca falsos, \u00a1oh yey!<br>Solo que no podemos volar<br>Tendremos que caminar con esfuerzo por la arena<br>Y las bolsas nos van golpeando en la rodilla, \u00a1oh no!<br><br>Y en la playa no sirve la bici de carreras<br>As\u00ed que nada habr\u00eda cambiado<br>Pero no hay vuelta atr\u00e1s<br><br>Porque tir\u00e9 las flores y regal\u00e9 el gato<br>V\u00e1monos de viaje, baby<br>He cerrado el piso y colgado la llave<br>S\u00fabete a tu bici, v\u00e1monos<br><br>O podr\u00edamos ir por ah\u00ed de turistas<br>Con nuestras c\u00e1maras&#8230; \u00a1c\u00e1maras!<br>Y pasarlo tan bien, tan bien<br>Pero despu\u00e9s habr\u00eda mil terabytes de fotos de vacaciones sin ver<br>Me parece tan deprimente<br><br>Quieres ense\u00f1\u00e1rselas a nuestros amigos<br>Eso me aburre y entonces<br>Discutir\u00edamos y nos aburrir\u00edamos durante a\u00f1os<br>Y ni siquiera la bici de carreras habr\u00eda cambiado nada<br><br><br>Ah\u00ed va \u00e9l con su pibita<br>Ella le queda muy bien en caso de separaci\u00f3n<br>Apuesto a que no se quedar\u00e1n solos mucho tiempo.<br>Pero para m\u00ed todo sigue igual y puedo quedarme con el gato.<br>Tal vez me compre una bici de carreras y me mude al sur.<br>Quiz\u00e1 salga algo de ah\u00ed<br>Porque llevarla por ah\u00ed mola un mont\u00f3n, la-la-la, la-la-la<br><br><br>He tirado las flores y regalado el gato<br>Vamos de viaje, baby<br><br><br>He cerrado el piso y colgado la llave<br>S\u00fabete a tu bici, v\u00e1monos<br>La-la-la-la, la-la-la, la-la-la-la, Baby<br>La-la-la-la, la-la-la, la-la-la-la, v\u00e1monos<br><br><\/td><\/tr><\/tbody><\/table><\/figure>\n","protected":false},"excerpt":{"rendered":"<p>Er kommt an mit seinem Rennrad und er wei\u00df, er ist hei\u00dfHei\u00df wie frisch frittiert und er ist chick frisiertSagt hallo zu seiner SchnalleWei\u00df sowieso er kriegt sie alle, mit seinem JungenscharmeBoh mir wird ganz warm H\u00e4tte ich so einen Mann, mit so einem RennradDann sagte ich zu ihm Ich hab die Blumen weggeworfen und&hellip; <br \/> <a class=\"read-more\" href=\"https:\/\/wikitraz.com\/de\/canciones\/das-rennrad-dota-kehr\/\">Read more<\/a><\/p>\n","protected":false},"author":2,"featured_media":0,"parent":441,"menu_order":0,"comment_status":"closed","ping_status":"closed","template":"","meta":{"_monsterinsights_skip_tracking":false,"_monsterinsights_sitenote_active":false,"_monsterinsights_sitenote_note":"","_monsterinsights_sitenote_category":0,"footnotes":""},"class_list":["post-333","page","type-page","status-publish","hentry"],"_links":{"self":[{"href":"https:\/\/wikitraz.com\/de\/wp-json\/wp\/v2\/pages\/333","targetHints":{"allow":["GET"]}}],"collection":[{"href":"https:\/\/wikitraz.com\/de\/wp-json\/wp\/v2\/pages"}],"about":[{"href":"https:\/\/wikitraz.com\/de\/wp-json\/wp\/v2\/types\/page"}],"author":[{"embeddable":true,"href":"https:\/\/wikitraz.com\/de\/wp-json\/wp\/v2\/users\/2"}],"replies":[{"embeddable":true,"href":"https:\/\/wikitraz.com\/de\/wp-json\/wp\/v2\/comments?post=333"}],"version-history":[{"count":4,"href":"https:\/\/wikitraz.com\/de\/wp-json\/wp\/v2\/pages\/333\/revisions"}],"predecessor-version":[{"id":443,"href":"https:\/\/wikitraz.com\/de\/wp-json\/wp\/v2\/pages\/333\/revisions\/443"}],"up":[{"embeddable":true,"href":"https:\/\/wikitraz.com\/de\/wp-json\/wp\/v2\/pages\/441"}],"wp:attachment":[{"href":"https:\/\/wikitraz.com\/de\/wp-json\/wp\/v2\/media?parent=333"}],"curies":[{"name":"wp","href":"https:\/\/api.w.org\/{rel}","templated":true}]}}