{"id":338,"date":"2023-10-15T11:17:18","date_gmt":"2023-10-15T11:17:18","guid":{"rendered":"https:\/\/wikitraz.com\/?page_id=338"},"modified":"2024-03-10T21:00:47","modified_gmt":"2024-03-10T21:00:47","slug":"manchmal-haben-frauen-die-arzte-2","status":"publish","type":"page","link":"https:\/\/wikitraz.com\/es\/canciones\/manchmal-haben-frauen-die-arzte-2\/","title":{"rendered":"Manchmal haben Frauen... - die \u00c4rzte"},"content":{"rendered":"\n<figure class=\"wp-block-table\"><table class=\"has-fixed-layout\"><tbody><tr><td>In einer Bar sprach er mich an<br>Er war betrunken und er roch nach Schwei\u00df<br>Er sagte: \u00abJunge, h\u00f6r mir zu<br>Da gibt es etwas, das ich besser wei\u00df<br>Die Emanzipation ist der gerechte Lohn<br>F\u00fcr die verweichlichte M\u00e4nnerschaft<br>Doch Du kannst mir vertrauen zwischen M\u00e4nnern und Frauen<br>Gibt es einen Unterschied, der ganz gewaltig klafft.\u00bb<br>Und was ich dann h\u00f6rte, was mich total emp\u00f6rte<br>Es wiederzugeben fehlt mir fast die Kraft<br>Er sagte:<br><br>Manchmal, aber nur manchmal Haben Frauen ein kleines bisschen Haue gern Manchmal, aber nur manchmal Haben Frauen ein kleines bisschen Haue gern<br><br>Ich sagte: \u00abLass&#8217; mich in Ruh&#8217;. Ich h\u00f6r&#8217; dir nicht mehr zu<br>Du stinkbesoffenes Machoschwein!\u00bb<br>Das h\u00f6rte er nicht gern<br>Er fing an an mir zu zerren<br>Kurz darauf fing ich mir eine ein<br>Er schrie: \u00abStell&#8217; dich nicht blind! Du bist doch kein Kind<br>Ich mach&#8217; dich alle, dann wei\u00dft du Bescheid!\u00bb<br>Doch statt mir noch eine zu zimmern fing er an zu wimmern<br>Jetzt tat der Typ mir pl\u00f6tzlich leid<br>Er fing an zu flehen, ich sollte endlich verstehen<br>Sein Mundgeruch brachte mir \u00dcbelkeit<br>Er sagte:<br><br>Manchmal, aber nur manchmal Haben Frauen ein kleines bisschen Haue gern Manchmal, aber nur manchmal Haben Frauen ein kleines bisschen Haue gern<br><br>Ich stie\u00df ihn weg und ich rannte nach Haus&#8217;<br>Das musste ich meiner Freundin erz\u00e4hlen<br>Ich lie\u00df nichts aus, es sprudelte aus mir raus<br>Die Ungewissheit fing an mich zu qu\u00e4len<br>Das war mir noch nie passiert<br>Ich war traumatisiert<br>Und etwas neugierig war ich auch<br>Da l\u00e4chelte sie und hob ihr Knie<br>Und rammte es mit voller Wucht in meinen Bauch<br>Als ich nach Atem rang und ihre Stimme erklang<br>Umwehte sie ein eisiger Hauch<br>Sie sagte:<br><br>Manchmal, aber nur manchmal Haben Frauen ein kleines bisschen Haue gern Manchmal, aber nur manchmal Haben Frauen ein kleines bisschen Haue gern<br>Immer, ja wirklich immer<br>Haben Typen, wie du, was auf die Fresse verdient<br>Immer, ja wirklich immer<br>Haben Typen, wie du, was auf die Fresse verdient<\/td><td>Se me acerc\u00f3 en un bar<br>Estaba borracho y ol\u00eda a sudor<br>Me dijo: \u00abChico, esc\u00fachame<br>Hay algo que s\u00e9 mejor<br>La emancipaci\u00f3n es la justa recompensa<br>Para la hombr\u00eda afeminada<br>Pero puedes confiar en m\u00ed Entre hombres y mujeres<br>Hay una diferencia enorme\u00bb.<br>Y lo que o\u00ed a continuaci\u00f3n, que me indign\u00f3 totalmente<br>Casi no tengo fuerzas para repetirlo<br>Dijo:<br><br>A veces, pero s\u00f3lo a veces<br>A las mujeres les gustan los azotes<br>A veces, pero s\u00f3lo a veces<br>A las mujeres les gustan un poco los azotes<br><br>Le dije: \u00abD\u00e9jame en paz. No te escucho m\u00e1s<br>\u00a1Apestoso cerdo macho borracho!\u00bb<br>No le gust\u00f3 o\u00edr eso.<br>Empez\u00f3 a tirarme.<br>Y entonces me dio un pu\u00f1etazo en la cara.<br>Me grit\u00f3: \u00ab\u00a1No te hagas el ciego! No eres un ni\u00f1o<br>\u00ab\u00a1Te voy a partir la cara y lo vas a saber!\u00bb<br>Pero en vez de pegarme otra vez, empez\u00f3 a lloriquear.<br>Ahora sent\u00eda l\u00e1stima por el tipo<br>Empez\u00f3 a rogarme que lo entendiera.<br>Su mal aliento me daba n\u00e1useas.<br>Me dijo:<br><br>A veces, pero s\u00f3lo a veces<br>A las mujeres les gustan los azotes<br>A veces, pero s\u00f3lo a veces<br>A las mujeres les gustan un poco los azotes<br><br><br>Le empuj\u00e9 y corr\u00ed a casa&#8217;.<br>Tuve que dec\u00edrselo a mi novia<br>No me perd\u00ed ni un momento, me sali\u00f3 a borbotones.<br>La incertidumbre empez\u00f3 a atormentarme.<br>Esto no me hab\u00eda pasado nunca.<br>Estaba traumatizado<br>Y tambi\u00e9n ten\u00eda un poco de curiosidad<br>Entonces ella sonri\u00f3 y levant\u00f3 su rodilla<br>Y la clav\u00f3 con toda su fuerza en mi vientre<br>Mientras jadeaba y su voz sonaba&#8230;<br>Una brisa helada soplaba a su alrededor.<br>Ella dijo:<br><br>A veces, pero s\u00f3lo a veces<br>A las mujeres les gustan los azotes<br>A veces, pero s\u00f3lo a veces<br>A las mujeres les gustan un poco los azotes<br>Siempre, s\u00ed realmente siempre<br>Tipos como t\u00fa merecen un pu\u00f1etazo en la cara.<br>Siempre, siempre, siempre<br>Tipos como t\u00fa merecen un pu\u00f1etazo en la cara<\/td><\/tr><\/tbody><\/table><\/figure>\n","protected":false},"excerpt":{"rendered":"<p>In einer Bar sprach er mich anEr war betrunken und er roch nach Schwei\u00dfEr sagte: \u00abJunge, h\u00f6r mir zuDa gibt es etwas, das ich besser wei\u00dfDie Emanzipation ist der gerechte LohnF\u00fcr die verweichlichte M\u00e4nnerschaftDoch Du kannst mir vertrauen zwischen M\u00e4nnern und FrauenGibt es einen Unterschied, der ganz gewaltig klafft.\u00bbUnd was ich dann h\u00f6rte, was mich&hellip; <br \/> <a class=\"read-more\" href=\"https:\/\/wikitraz.com\/es\/canciones\/manchmal-haben-frauen-die-arzte-2\/\">Read more<\/a><\/p>\n","protected":false},"author":2,"featured_media":0,"parent":441,"menu_order":0,"comment_status":"closed","ping_status":"closed","template":"","meta":{"_monsterinsights_skip_tracking":false,"_monsterinsights_sitenote_active":false,"_monsterinsights_sitenote_note":"","_monsterinsights_sitenote_category":0,"footnotes":""},"class_list":["post-338","page","type-page","status-publish","hentry"],"_links":{"self":[{"href":"https:\/\/wikitraz.com\/es\/wp-json\/wp\/v2\/pages\/338","targetHints":{"allow":["GET"]}}],"collection":[{"href":"https:\/\/wikitraz.com\/es\/wp-json\/wp\/v2\/pages"}],"about":[{"href":"https:\/\/wikitraz.com\/es\/wp-json\/wp\/v2\/types\/page"}],"author":[{"embeddable":true,"href":"https:\/\/wikitraz.com\/es\/wp-json\/wp\/v2\/users\/2"}],"replies":[{"embeddable":true,"href":"https:\/\/wikitraz.com\/es\/wp-json\/wp\/v2\/comments?post=338"}],"version-history":[{"count":3,"href":"https:\/\/wikitraz.com\/es\/wp-json\/wp\/v2\/pages\/338\/revisions"}],"predecessor-version":[{"id":444,"href":"https:\/\/wikitraz.com\/es\/wp-json\/wp\/v2\/pages\/338\/revisions\/444"}],"up":[{"embeddable":true,"href":"https:\/\/wikitraz.com\/es\/wp-json\/wp\/v2\/pages\/441"}],"wp:attachment":[{"href":"https:\/\/wikitraz.com\/es\/wp-json\/wp\/v2\/media?parent=338"}],"curies":[{"name":"wp","href":"https:\/\/api.w.org\/{rel}","templated":true}]}}