{"id":426,"date":"2024-03-03T12:19:55","date_gmt":"2024-03-03T12:19:55","guid":{"rendered":"https:\/\/wikitraz.com\/?page_id=426"},"modified":"2024-03-10T21:01:55","modified_gmt":"2024-03-10T21:01:55","slug":"du-hast-den-farbfilm-vergessen-nina-hagen","status":"publish","type":"page","link":"https:\/\/wikitraz.com\/es\/canciones\/du-hast-den-farbfilm-vergessen-nina-hagen\/","title":{"rendered":"Du hast den Farbfilm vergessen - Nina Hagen"},"content":{"rendered":"\n<figure class=\"wp-block-table\"><table><tbody><tr><td><iframe loading=\"lazy\" width=\"280\" height=\"157\" src=\"https:\/\/www.youtube.com\/embed\/R5LtP_8qKfg?si=52CQIiACuMRrI1Wm\" title=\"YouTube video player\" frameborder=\"0\" allow=\"accelerometer; autoplay; clipboard-write; encrypted-media; gyroscope; picture-in-picture; web-share\" allowfullscreen><\/iframe><\/td><td><\/td><\/tr><tr><td>Estaba alto el espino de arena en la playa de Hiddensee<br>Micha, mi Micha, todo me doli\u00f3 tanto<br>Que los conejos miraban asustados desde su madriguera<br>Tan fuerte mi rabia se descarg\u00f3 hacia el cielo azul<br>Tan enfadado mi pie descalzo daba pisotones en la arena<br>Y me quit\u00e9 tu mano del hombro<br>Micha, mi Micha, todo me doli\u00f3 tanto.<br>Hazlo otra vez, Micha, y me voy.<br><br>Olvidaste el carrete de fotos en color, mi Michael<br>Ahora nadie nos creer\u00e1, lo bonito era esto, jaja, jaja<br>Olvidaste el carrete de fotos en color por dios bendito<br>Todo azul y blanco y verde y despu\u00e9s ya no es verdad<br>Has olvidado el carrete de fotos en color por dios bendito<br>Todo azul y blanco y verde y despu\u00e9s ya no es verdad<br><br>Ahora estoy de nuevo en casa sentada contigo  <br>Y elijo las fotos para poner en el \u00e1lbum<br>Yo en bikini y yo nudista<br>Yo descarada en minifalda, el paisaje tambi\u00e9n est\u00e1, s\u00ed<br>Pero, qu\u00e9 terrible, las l\u00e1grimas corren calientes<br>Paisaje y Nina y todo en blanco y negro<br>Micha, mi Micha, y todo duele tanto<br>Hazlo otra vez, Micha, y me ir\u00e9.<br><br>Has olvidado la pel\u00edcula en color, mi Micha<br>Ahora nadie nos cree, lo bonito que era esto, jaja, jaja<br>Has olvidado el carrete en color por dios bendito<br>Todo azul y blanco y verde y despu\u00e9s ya no es verdad<br>Has olvidado el carrete en color por dios bendito<br>Todo azul y blanco y verde y despu\u00e9s ya no es verdad<br><\/td><td>Hoch stand der Sanddorn am Strand von Hiddensee<br>Micha, mein Micha, und alles tat so weh<br>Dass die Kaninchen scheu schauten aus dem Bau<br>So laut entlud sich mein Leid ins Himmelblau<br>So b\u00f6se stampfte mein nackter Fu\u00df den Sand<br>Und schlug ich von meiner Schulter deine Hand<br>Micha, mein Micha, und alles tat so weh<br>Tu das noch einmal, Micha, und ich geh<br><br>Du hast den Farbfilm vergessen, mein Michael<br>Nun glaubt uns kein Mensch, wie sch\u00f6n&#8217;s hier war, haha, haha<br>Du hast den Farbfilm vergessen bei meiner Seel<br>Alles blau und wei\u00df und gr\u00fcn und sp\u00e4ter nicht mehr wahr<br>Du hast den Farbfilm vergessen bei meiner Seel<br>Alles blau und wei\u00df und gr\u00fcn und sp\u00e4ter nicht mehr wahr<br><br>Nun sitz ich wieder bei dir und mir zu Haus<br>Und such die Fotos f\u00fcrs Fotoalbum aus<br>Ich im Bikini und ich am FKK<br>Ich frech im Mini, Landschaft ist auch da, ja<br>Aber, wie schrecklich, die Tr\u00e4nen kullern hei\u00df<br>Landschaft und Nina und alles nur schwarz-wei\u00df<br>Micha, mein Micha, und alles tut so weh<br>Tu das noch einmal, Micha, und ich geh<br><br>Du hast den Farbfilm vergessen, mein Michael<br>Nun glaubt uns kein Mensch, wie sch\u00f6n&#8217;s hier war, haha, haha<br>Du hast den Farbfilm vergessen bei meiner Seel<br>Alles blau und wei\u00df und gr\u00fcn und sp\u00e4ter nicht mehr wahr<br>Du hast den Farbfilm vergessen bei meiner Seel<br>Alles blau und wei\u00df und gr\u00fcn und sp\u00e4ter nicht mehr wahr<\/td><\/tr><\/tbody><\/table><\/figure>\n","protected":false},"excerpt":{"rendered":"<p>Estaba alto el espino de arena en la playa de HiddenseeMicha, mi Micha, todo me doli\u00f3 tantoQue los conejos miraban asustados desde su madrigueraTan fuerte mi rabia se descarg\u00f3 hacia el cielo azulTan enfadado mi pie descalzo daba pisotones en la arenaY me quit\u00e9 tu mano del hombroMicha, mi Micha, todo me doli\u00f3 tanto.Hazlo otra&hellip; <br \/> <a class=\"read-more\" href=\"https:\/\/wikitraz.com\/es\/canciones\/du-hast-den-farbfilm-vergessen-nina-hagen\/\">Read more<\/a><\/p>\n","protected":false},"author":2,"featured_media":0,"parent":441,"menu_order":0,"comment_status":"closed","ping_status":"closed","template":"","meta":{"_monsterinsights_skip_tracking":false,"_monsterinsights_sitenote_active":false,"_monsterinsights_sitenote_note":"","_monsterinsights_sitenote_category":0,"footnotes":""},"class_list":["post-426","page","type-page","status-publish","hentry"],"_links":{"self":[{"href":"https:\/\/wikitraz.com\/es\/wp-json\/wp\/v2\/pages\/426","targetHints":{"allow":["GET"]}}],"collection":[{"href":"https:\/\/wikitraz.com\/es\/wp-json\/wp\/v2\/pages"}],"about":[{"href":"https:\/\/wikitraz.com\/es\/wp-json\/wp\/v2\/types\/page"}],"author":[{"embeddable":true,"href":"https:\/\/wikitraz.com\/es\/wp-json\/wp\/v2\/users\/2"}],"replies":[{"embeddable":true,"href":"https:\/\/wikitraz.com\/es\/wp-json\/wp\/v2\/comments?post=426"}],"version-history":[{"count":4,"href":"https:\/\/wikitraz.com\/es\/wp-json\/wp\/v2\/pages\/426\/revisions"}],"predecessor-version":[{"id":431,"href":"https:\/\/wikitraz.com\/es\/wp-json\/wp\/v2\/pages\/426\/revisions\/431"}],"up":[{"embeddable":true,"href":"https:\/\/wikitraz.com\/es\/wp-json\/wp\/v2\/pages\/441"}],"wp:attachment":[{"href":"https:\/\/wikitraz.com\/es\/wp-json\/wp\/v2\/media?parent=426"}],"curies":[{"name":"wp","href":"https:\/\/api.w.org\/{rel}","templated":true}]}}